{"id":468,"date":"2021-03-30T15:31:10","date_gmt":"2021-03-30T18:31:10","guid":{"rendered":"http:\/\/lyramojimiriana.org.br\/doacao\/?page_id=468"},"modified":"2021-03-30T15:31:10","modified_gmt":"2021-03-30T18:31:10","slug":"doacao-pessoa-juridica","status":"publish","type":"page","link":"http:\/\/lyramojimiriana.org.br\/doacao\/doacao-pessoa-juridica\/","title":{"rendered":"Doa\u00e7\u00e3o Pessoa Jur\u00eddica"},"content":{"rendered":"\n<figure class=\"wp-block-embed-youtube alignwide wp-block-embed is-type-video is-provider-youtube wp-embed-aspect-16-9 wp-has-aspect-ratio\"><div class=\"wp-block-embed__wrapper\">\n<div class=\"oceanwp-oembed-wrap clr\"><iframe loading=\"lazy\" title=\"Institucional Lyra 2021\" width=\"1200\" height=\"675\" src=\"https:\/\/www.youtube.com\/embed\/gfSDX2WkHAc?feature=oembed\" frameborder=\"0\" allow=\"accelerometer; autoplay; clipboard-write; encrypted-media; gyroscope; picture-in-picture\" allowfullscreen><\/iframe><\/div>\n<\/div><\/figure>\n\n\n\n\n<div class=\"wp-block-spacer\" style=\"height: 76px;\" aria-hidden=\"true\">\u00a0<\/div>\n\n\n\n<div class=\"wp-block-group\">\n<div class=\"wp-block-group__inner-container is-layout-flow wp-block-group-is-layout-flow\">\n<p class=\"has-text-color has-background has-text-align-center has-very-light-gray-color has-luminous-vivid-orange-background-color\" style=\"font-size: 50px;\">Fa\u00e7a sua doa\u00e7\u00e3o!<\/p>\n\n\n\n<p class=\"has-background has-text-align-center has-large-font-size has-very-light-gray-background-color\">Doa\u00e7\u00e3o \u00danica &#8211; Pessoa Jur\u00eddica<\/p>\n\n\n\n<p class=\"has-text-align-center has-medium-font-size\">Sua empresa pode ser o instrumento de muitos projetos. Ajude a <strong>Lyra Mojimiriana <\/strong>a seguir com maestria!<\/p>\n\n\n\n<p class=\"has-text-align-center has-medium-font-size\">Fa\u00e7a sua doa\u00e7\u00e3o, escolhendo um dos valores abaixo<\/p>\n<\/div>\n<\/div>\n\n\n\n<div class=\"wp-block-spacer\" style=\"height: 84px;\" aria-hidden=\"true\">\u00a0<\/div>\n\n\n<div class=\"wc-block-grid wp-block-handpicked-products wc-block-handpicked-products has-4-columns\"><ul class=\"wc-block-grid__products\"><li class=\"wc-block-grid__product\">\n\t\t\t\t<a href=\"http:\/\/lyramojimiriana.org.br\/doacao\/produto\/ajude-a-lyra-com-r-300\/\" class=\"wc-block-grid__product-link\">\n\t\t\t\t\t<div class=\"wc-block-grid__product-image\"><img loading=\"lazy\" decoding=\"async\" width=\"300\" height=\"300\" src=\"http:\/\/lyramojimiriana.org.br\/doacao\/wp-content\/uploads\/2020\/05\/lyra300unica-300x300.jpg\" class=\"attachment-woocommerce_thumbnail size-woocommerce_thumbnail\" alt=\"\" srcset=\"http:\/\/lyramojimiriana.org.br\/doacao\/wp-content\/uploads\/2020\/05\/lyra300unica-300x300.jpg 300w, http:\/\/lyramojimiriana.org.br\/doacao\/wp-content\/uploads\/2020\/05\/lyra300unica-150x150.jpg 150w, http:\/\/lyramojimiriana.org.br\/doacao\/wp-content\/uploads\/2020\/05\/lyra300unica-100x100.jpg 100w, http:\/\/lyramojimiriana.org.br\/doacao\/wp-content\/uploads\/2020\/05\/lyra300unica.jpg 350w\" sizes=\"auto, (max-width: 300px) 100vw, 300px\" \/><\/div>\n\t\t\t\t\t<div class=\"wc-block-grid__product-title\">Ajude a Lyra com R$ 300,00<\/div>\n\t\t\t\t<\/a>\n\t\t\t\t\n\t\t\t\t<div class=\"wc-block-grid__product-price price\"><span class=\"woocommerce-Price-amount amount\"><span class=\"woocommerce-Price-currencySymbol\">&#82;&#36;<\/span>300,00<\/span><\/div>\n\t\t\t\t\n\t\t\t\t<div class=\"wp-block-button wc-block-grid__product-add-to-cart\"><a href=\"?add-to-cart=136\" aria-label=\"Add &ldquo;Ajude a Lyra com R$ 300,00&rdquo; to your cart\" data-quantity=\"1\" data-product_id=\"136\" data-product_sku=\"\" rel=\"nofollow\" class=\"wp-block-button__link add_to_cart_button ajax_add_to_cart\">Doar<\/a><\/div>\n\t\t\t<\/li><li class=\"wc-block-grid__product\">\n\t\t\t\t<a href=\"http:\/\/lyramojimiriana.org.br\/doacao\/produto\/ajude-a-lyra-com-r-60000\/\" class=\"wc-block-grid__product-link\">\n\t\t\t\t\t<div class=\"wc-block-grid__product-image\"><img loading=\"lazy\" decoding=\"async\" width=\"300\" height=\"300\" src=\"http:\/\/lyramojimiriana.org.br\/doacao\/wp-content\/uploads\/2020\/05\/lyra600unica-300x300.jpg\" class=\"attachment-woocommerce_thumbnail size-woocommerce_thumbnail\" alt=\"\" srcset=\"http:\/\/lyramojimiriana.org.br\/doacao\/wp-content\/uploads\/2020\/05\/lyra600unica-300x300.jpg 300w, http:\/\/lyramojimiriana.org.br\/doacao\/wp-content\/uploads\/2020\/05\/lyra600unica-150x150.jpg 150w, http:\/\/lyramojimiriana.org.br\/doacao\/wp-content\/uploads\/2020\/05\/lyra600unica-100x100.jpg 100w, http:\/\/lyramojimiriana.org.br\/doacao\/wp-content\/uploads\/2020\/05\/lyra600unica.jpg 350w\" sizes=\"auto, (max-width: 300px) 100vw, 300px\" \/><\/div>\n\t\t\t\t\t<div class=\"wc-block-grid__product-title\">Ajude a Lyra com R$ 600,00<\/div>\n\t\t\t\t<\/a>\n\t\t\t\t\n\t\t\t\t<div class=\"wc-block-grid__product-price price\"><span class=\"woocommerce-Price-amount amount\"><span class=\"woocommerce-Price-currencySymbol\">&#82;&#36;<\/span>600,00<\/span><\/div>\n\t\t\t\t\n\t\t\t\t<div class=\"wp-block-button wc-block-grid__product-add-to-cart\"><a href=\"?add-to-cart=139\" aria-label=\"Add &ldquo;Ajude a Lyra com R$ 600,00&rdquo; to your cart\" data-quantity=\"1\" data-product_id=\"139\" data-product_sku=\"\" rel=\"nofollow\" class=\"wp-block-button__link add_to_cart_button ajax_add_to_cart\">Doar<\/a><\/div>\n\t\t\t<\/li><li class=\"wc-block-grid__product\">\n\t\t\t\t<a href=\"http:\/\/lyramojimiriana.org.br\/doacao\/produto\/ajude-a-lyra-com-r-90000\/\" class=\"wc-block-grid__product-link\">\n\t\t\t\t\t<div class=\"wc-block-grid__product-image\"><img loading=\"lazy\" decoding=\"async\" width=\"300\" height=\"300\" src=\"http:\/\/lyramojimiriana.org.br\/doacao\/wp-content\/uploads\/2020\/05\/lyra900unica-300x300.jpg\" class=\"attachment-woocommerce_thumbnail size-woocommerce_thumbnail\" alt=\"\" srcset=\"http:\/\/lyramojimiriana.org.br\/doacao\/wp-content\/uploads\/2020\/05\/lyra900unica-300x300.jpg 300w, http:\/\/lyramojimiriana.org.br\/doacao\/wp-content\/uploads\/2020\/05\/lyra900unica-150x150.jpg 150w, http:\/\/lyramojimiriana.org.br\/doacao\/wp-content\/uploads\/2020\/05\/lyra900unica-100x100.jpg 100w, http:\/\/lyramojimiriana.org.br\/doacao\/wp-content\/uploads\/2020\/05\/lyra900unica.jpg 350w\" sizes=\"auto, (max-width: 300px) 100vw, 300px\" \/><\/div>\n\t\t\t\t\t<div class=\"wc-block-grid__product-title\">Ajude a Lyra com R$ 900,00<\/div>\n\t\t\t\t<\/a>\n\t\t\t\t\n\t\t\t\t<div class=\"wc-block-grid__product-price price\"><span class=\"woocommerce-Price-amount amount\"><span class=\"woocommerce-Price-currencySymbol\">&#82;&#36;<\/span>900,00<\/span><\/div>\n\t\t\t\t\n\t\t\t\t<div class=\"wp-block-button wc-block-grid__product-add-to-cart\"><a href=\"?add-to-cart=140\" aria-label=\"Add &ldquo;Ajude a Lyra com R$ 900,00&rdquo; to your cart\" data-quantity=\"1\" data-product_id=\"140\" data-product_sku=\"\" rel=\"nofollow\" class=\"wp-block-button__link add_to_cart_button ajax_add_to_cart\">Doar<\/a><\/div>\n\t\t\t<\/li><li class=\"wc-block-grid__product\">\n\t\t\t\t<a href=\"http:\/\/lyramojimiriana.org.br\/doacao\/produto\/ajude-a-lyra-com-r-120000\/\" class=\"wc-block-grid__product-link\">\n\t\t\t\t\t<div class=\"wc-block-grid__product-image\"><img loading=\"lazy\" decoding=\"async\" width=\"300\" height=\"300\" src=\"http:\/\/lyramojimiriana.org.br\/doacao\/wp-content\/uploads\/2020\/05\/lyra1200unica-300x300.jpg\" class=\"attachment-woocommerce_thumbnail size-woocommerce_thumbnail\" alt=\"\" srcset=\"http:\/\/lyramojimiriana.org.br\/doacao\/wp-content\/uploads\/2020\/05\/lyra1200unica-300x300.jpg 300w, http:\/\/lyramojimiriana.org.br\/doacao\/wp-content\/uploads\/2020\/05\/lyra1200unica-150x150.jpg 150w, http:\/\/lyramojimiriana.org.br\/doacao\/wp-content\/uploads\/2020\/05\/lyra1200unica-100x100.jpg 100w, http:\/\/lyramojimiriana.org.br\/doacao\/wp-content\/uploads\/2020\/05\/lyra1200unica.jpg 350w\" sizes=\"auto, (max-width: 300px) 100vw, 300px\" \/><\/div>\n\t\t\t\t\t<div class=\"wc-block-grid__product-title\">Ajude a Lyra com R$ 1200,00<\/div>\n\t\t\t\t<\/a>\n\t\t\t\t\n\t\t\t\t<div class=\"wc-block-grid__product-price price\"><span class=\"woocommerce-Price-amount amount\"><span class=\"woocommerce-Price-currencySymbol\">&#82;&#36;<\/span>1.200,00<\/span><\/div>\n\t\t\t\t\n\t\t\t\t<div class=\"wp-block-button wc-block-grid__product-add-to-cart\"><a href=\"?add-to-cart=141\" aria-label=\"Add &ldquo;Ajude a Lyra com R$ 1200,00&rdquo; to your cart\" data-quantity=\"1\" data-product_id=\"141\" data-product_sku=\"\" rel=\"nofollow\" class=\"wp-block-button__link add_to_cart_button ajax_add_to_cart\">Doar<\/a><\/div>\n\t\t\t<\/li><\/ul><\/div>\n\n\n<div class=\"wp-block-group has-very-light-gray-background-color has-background\">\n<div class=\"wp-block-group__inner-container is-layout-flow wp-block-group-is-layout-flow\">\n<h3 class=\"has-text-align-center wp-block-heading\">Voc\u00ea tamb\u00e9m pode nos ajudar pela lei de Incentivo \u00e0 cultura (Lei Rouanet) clique\u00a0<a href=\"http:\/\/lyramojimiriana.org.br\/apoie\/\">aqui<\/a>\u00a0e saiba mais.<\/h3>\n\n\n\n<div class=\"wp-block-button aligncenter\"><a class=\"wp-block-button__link has-background has-luminous-vivid-orange-background-color\" style=\"border-radius: 3px;\" href=\"http:\/\/lyramojimiriana.org.br\/apoie\/\">Saiba Mais<\/a><\/div>\n<\/div>\n<\/div>\n\n\n\n<div class=\"wp-block-spacer\" style=\"height: 51px;\" aria-hidden=\"true\">\u00a0<\/div>\n\n","protected":false},"excerpt":{"rendered":"","protected":false},"author":1,"featured_media":0,"parent":0,"menu_order":0,"comment_status":"closed","ping_status":"closed","template":"","meta":{"footnotes":""},"class_list":["post-468","page","type-page","status-publish","hentry","entry"],"_links":{"self":[{"href":"http:\/\/lyramojimiriana.org.br\/doacao\/wp-json\/wp\/v2\/pages\/468","targetHints":{"allow":["GET"]}}],"collection":[{"href":"http:\/\/lyramojimiriana.org.br\/doacao\/wp-json\/wp\/v2\/pages"}],"about":[{"href":"http:\/\/lyramojimiriana.org.br\/doacao\/wp-json\/wp\/v2\/types\/page"}],"author":[{"embeddable":true,"href":"http:\/\/lyramojimiriana.org.br\/doacao\/wp-json\/wp\/v2\/users\/1"}],"replies":[{"embeddable":true,"href":"http:\/\/lyramojimiriana.org.br\/doacao\/wp-json\/wp\/v2\/comments?post=468"}],"version-history":[{"count":1,"href":"http:\/\/lyramojimiriana.org.br\/doacao\/wp-json\/wp\/v2\/pages\/468\/revisions"}],"predecessor-version":[{"id":469,"href":"http:\/\/lyramojimiriana.org.br\/doacao\/wp-json\/wp\/v2\/pages\/468\/revisions\/469"}],"wp:attachment":[{"href":"http:\/\/lyramojimiriana.org.br\/doacao\/wp-json\/wp\/v2\/media?parent=468"}],"curies":[{"name":"wp","href":"https:\/\/api.w.org\/{rel}","templated":true}]}}