{"id":147,"date":"2020-06-22T14:32:48","date_gmt":"2020-06-22T17:32:48","guid":{"rendered":"http:\/\/lyramojimiriana.com.br\/doacao\/?page_id=147"},"modified":"2021-03-26T10:41:14","modified_gmt":"2021-03-26T13:41:14","slug":"doacao-juridica","status":"publish","type":"page","link":"http:\/\/lyramojimiriana.org.br\/doacao\/doacao-juridica\/","title":{"rendered":"Doa\u00e7\u00e3o Pessoa Jur\u00eddica"},"content":{"rendered":"\t\t<div data-elementor-type=\"wp-page\" data-elementor-id=\"147\" class=\"elementor elementor-147\">\n\t\t\t\t\t\t<div class=\"elementor-inner\">\n\t\t\t\t<div class=\"elementor-section-wrap\">\n\t\t\t\t\t\t\t\t\t<section class=\"elementor-section elementor-top-section elementor-element elementor-element-542a6575 elementor-section-boxed elementor-section-height-default elementor-section-height-default\" data-id=\"542a6575\" data-element_type=\"section\">\n\t\t\t\t\t\t<div class=\"elementor-container elementor-column-gap-default\">\n\t\t\t\t\t\t\t<div class=\"elementor-row\">\n\t\t\t\t\t<div class=\"elementor-column elementor-col-100 elementor-top-column elementor-element elementor-element-6d02b422\" data-id=\"6d02b422\" data-element_type=\"column\">\n\t\t\t<div class=\"elementor-column-wrap elementor-element-populated\">\n\t\t\t\t\t\t\t<div class=\"elementor-widget-wrap\">\n\t\t\t\t\t\t<div class=\"elementor-element elementor-element-96838b0 elementor-aspect-ratio-169 elementor-widget elementor-widget-video\" data-id=\"96838b0\" data-element_type=\"widget\" data-settings=\"{&quot;youtube_url&quot;:&quot;https:\\\/\\\/youtu.be\\\/gfSDX2WkHAc&quot;,&quot;start&quot;:1,&quot;autoplay&quot;:&quot;yes&quot;,&quot;play_on_mobile&quot;:&quot;yes&quot;,&quot;loop&quot;:&quot;yes&quot;,&quot;video_type&quot;:&quot;youtube&quot;,&quot;controls&quot;:&quot;yes&quot;,&quot;aspect_ratio&quot;:&quot;169&quot;}\" data-widget_type=\"video.default\">\n\t\t\t\t<div class=\"elementor-widget-container\">\n\t\t\t\t\t<div class=\"elementor-wrapper elementor-fit-aspect-ratio elementor-open-inline\">\n\t\t\t<div class=\"elementor-video\"><\/div>\t\t<\/div>\n\t\t\t\t<\/div>\n\t\t\t\t<\/div>\n\t\t\t\t<div class=\"elementor-element elementor-element-18dcf098 elementor-widget elementor-widget-text-editor\" data-id=\"18dcf098\" data-element_type=\"widget\" data-widget_type=\"text-editor.default\">\n\t\t\t\t<div class=\"elementor-widget-container\">\n\t\t\t\t\t\t\t\t<div class=\"elementor-text-editor elementor-clearfix\">\n\t\t\t\t\n<!-- wp:spacer {\"height\":76} -->\n<div class=\"wp-block-spacer\" style=\"height: 76px;\" aria-hidden=\"true\">\u00a0<\/div>\n<!-- \/wp:spacer -->\n\n<!-- wp:group -->\n<div class=\"wp-block-group\">\n<div class=\"wp-block-group__inner-container\"><!-- wp:paragraph {\"align\":\"center\",\"textColor\":\"very-light-gray\",\"backgroundColor\":\"luminous-vivid-orange\",\"customFontSize\":50} -->\n<p class=\"has-text-color has-background has-text-align-center has-very-light-gray-color has-luminous-vivid-orange-background-color\" style=\"font-size: 50px;\">Fa\u00e7a sua doa\u00e7\u00e3o!<\/p>\n<!-- \/wp:paragraph -->\n\n<!-- wp:paragraph {\"align\":\"center\",\"backgroundColor\":\"very-light-gray\",\"fontSize\":\"large\"} -->\n<p class=\"has-background has-text-align-center has-large-font-size has-very-light-gray-background-color\">Doa\u00e7\u00e3o \u00danica &#8211; Pessoa Jur\u00eddica<\/p>\n<!-- \/wp:paragraph -->\n\n<!-- wp:paragraph {\"align\":\"center\",\"fontSize\":\"medium\"} -->\n<p class=\"has-text-align-center has-medium-font-size\">Sua empresa pode ser o instrumento de muitos projetos. Ajude a <strong>Lyra Mojimiriana <\/strong>a seguir com maestria!<\/p>\n<!-- \/wp:paragraph -->\n\n<!-- wp:paragraph {\"align\":\"center\",\"fontSize\":\"medium\"} -->\n<p class=\"has-text-align-center has-medium-font-size\">Fa\u00e7a sua doa\u00e7\u00e3o, escolhendo um dos valores abaixo<\/p>\n<!-- \/wp:paragraph --><\/div>\n<\/div>\n<!-- \/wp:group -->\n\n<!-- wp:spacer {\"height\":84} -->\n<div class=\"wp-block-spacer\" style=\"height: 84px;\" aria-hidden=\"true\">\u00a0<\/div>\n<!-- \/wp:spacer -->\n\n<!-- wp:woocommerce\/handpicked-products {\"columns\":4,\"editMode\":false,\"orderby\":\"price_asc\",\"products\":[136,139,140,141]} \/-->\n\n<!-- wp:group {\"backgroundColor\":\"very-light-gray\"} -->\n<div class=\"wp-block-group has-very-light-gray-background-color has-background\">\n<div class=\"wp-block-group__inner-container\"><!-- wp:heading {\"align\":\"center\",\"level\":3} -->\n<h3 class=\"has-text-align-center\">Voc\u00ea tamb\u00e9m pode nos ajudar pela lei de Incentivo \u00e0 cultura (Lei Rouanet) clique\u00a0<a href=\"http:\/\/lyramojimiriana.org.br\/apoie\/\">aqui<\/a>\u00a0e saiba mais.<\/h3>\n<!-- \/wp:heading -->\n\n<!-- wp:button {\"backgroundColor\":\"luminous-vivid-orange\",\"borderRadius\":3,\"align\":\"center\"} -->\n<div class=\"wp-block-button aligncenter\"><a class=\"wp-block-button__link has-background has-luminous-vivid-orange-background-color\" style=\"border-radius: 3px;\" href=\"http:\/\/lyramojimiriana.org.br\/apoie\/\">Saiba Mais<\/a><\/div>\n<!-- \/wp:button --><\/div>\n<\/div>\n<!-- \/wp:group -->\n\n<!-- wp:spacer {\"height\":51} -->\n<div class=\"wp-block-spacer\" style=\"height: 51px;\" aria-hidden=\"true\">\u00a0<\/div>\n<!-- \/wp:spacer -->\t\t\t\t\t<\/div>\n\t\t\t\t\t\t<\/div>\n\t\t\t\t<\/div>\n\t\t\t\t\t\t<\/div>\n\t\t\t\t\t<\/div>\n\t\t<\/div>\n\t\t\t\t\t\t\t\t<\/div>\n\t\t\t\t\t<\/div>\n\t\t<\/section>\n\t\t\t\t\t\t\t\t\t<\/div>\n\t\t\t<\/div>\n\t\t\t\t\t<\/div>\n\t\t","protected":false},"excerpt":{"rendered":"<p>Fa\u00e7a sua doa\u00e7\u00e3o! Doa\u00e7\u00e3o \u00danica &#8211; Pessoa Jur\u00eddica Sua empresa pode ser o instrumento de muitos projetos. Ajude a Lyra Mojimiriana a seguir com maestria! Fa\u00e7a sua doa\u00e7\u00e3o, escolhendo um dos valores abaixo Voc\u00ea tamb\u00e9m pode nos ajudar pela lei de Incentivo \u00e0 cultura (Lei Rouanet) clique\u00a0aqui\u00a0e saiba mais.<\/p>\n","protected":false},"author":1,"featured_media":0,"parent":0,"menu_order":0,"comment_status":"closed","ping_status":"closed","template":"","meta":{"footnotes":""},"class_list":["post-147","page","type-page","status-publish","hentry","entry"],"_links":{"self":[{"href":"http:\/\/lyramojimiriana.org.br\/doacao\/wp-json\/wp\/v2\/pages\/147","targetHints":{"allow":["GET"]}}],"collection":[{"href":"http:\/\/lyramojimiriana.org.br\/doacao\/wp-json\/wp\/v2\/pages"}],"about":[{"href":"http:\/\/lyramojimiriana.org.br\/doacao\/wp-json\/wp\/v2\/types\/page"}],"author":[{"embeddable":true,"href":"http:\/\/lyramojimiriana.org.br\/doacao\/wp-json\/wp\/v2\/users\/1"}],"replies":[{"embeddable":true,"href":"http:\/\/lyramojimiriana.org.br\/doacao\/wp-json\/wp\/v2\/comments?post=147"}],"version-history":[{"count":28,"href":"http:\/\/lyramojimiriana.org.br\/doacao\/wp-json\/wp\/v2\/pages\/147\/revisions"}],"predecessor-version":[{"id":470,"href":"http:\/\/lyramojimiriana.org.br\/doacao\/wp-json\/wp\/v2\/pages\/147\/revisions\/470"}],"wp:attachment":[{"href":"http:\/\/lyramojimiriana.org.br\/doacao\/wp-json\/wp\/v2\/media?parent=147"}],"curies":[{"name":"wp","href":"https:\/\/api.w.org\/{rel}","templated":true}]}}